{"id":1635,"date":"2020-04-17T20:13:41","date_gmt":"2020-04-17T20:13:41","guid":{"rendered":"https:\/\/www.hotel-aragon.fr\/book\/"},"modified":"2020-05-06T02:05:32","modified_gmt":"2020-05-06T02:05:32","slug":"book-hotel-aragon","status":"publish","type":"page","link":"https:\/\/www.hotel-aragon.fr\/en\/book-hotel-aragon\/","title":{"rendered":"Booking"},"content":{"rendered":"<iframe style=\"width: 100%;min-height:1000px;\" frameborder=\"0\" scrolling=\"no\" src=\"https:\/\/www.secure-hotel-booking.com\/smart\/Hotel-d-Aragon\/2HZB\/en\/\"><\/iframe>","protected":false},"excerpt":{"rendered":"","protected":false},"author":1,"featured_media":0,"parent":0,"menu_order":0,"comment_status":"closed","ping_status":"closed","template":"template-parts\/page-reservation.php","meta":{"_eb_attr":"","footnotes":""},"class_list":["post-1635","page","type-page","status-publish","hentry"],"yoast_head":"<!-- This site is optimized with the Yoast SEO plugin v27.4 - https:\/\/yoast.com\/product\/yoast-seo-wordpress\/ -->\n<title>Booking - H\u00f4tel d&#039;Aragon Com\u00e9die Montpellier<\/title>\n<meta name=\"description\" content=\"Take advantage of the best rates at the Hotel d&#039;Aragon Montpellier Com\u00e9die by booking directly on our website - Book here!\" \/>\n<meta name=\"robots\" content=\"index, follow, max-snippet:-1, max-image-preview:large, max-video-preview:-1\" \/>\n<link rel=\"canonical\" href=\"https:\/\/www.hotel-aragon.fr\/en\/book-hotel-aragon\/\" \/>\n<meta property=\"og:locale\" content=\"en_US\" \/>\n<meta property=\"og:type\" content=\"article\" \/>\n<meta property=\"og:title\" content=\"Booking - H\u00f4tel d&#039;Aragon Com\u00e9die Montpellier\" \/>\n<meta property=\"og:description\" content=\"Take advantage of the best rates at the Hotel d&#039;Aragon Montpellier Com\u00e9die by booking directly on our website - Book here!\" \/>\n<meta property=\"og:url\" content=\"https:\/\/www.hotel-aragon.fr\/en\/book-hotel-aragon\/\" \/>\n<meta property=\"og:site_name\" content=\"H\u00f4tel d&#039;Aragon\" \/>\n<meta property=\"article:modified_time\" content=\"2020-05-06T02:05:32+00:00\" \/>\n<meta name=\"twitter:card\" content=\"summary_large_image\" \/>\n<script type=\"application\/ld+json\" class=\"yoast-schema-graph\">{\"@context\":\"https:\\\/\\\/schema.org\",\"@graph\":[{\"@type\":\"WebPage\",\"@id\":\"https:\\\/\\\/www.hotel-aragon.fr\\\/en\\\/book-hotel-aragon\\\/\",\"url\":\"https:\\\/\\\/www.hotel-aragon.fr\\\/en\\\/book-hotel-aragon\\\/\",\"name\":\"Booking - H\u00f4tel d&#039;Aragon Com\u00e9die Montpellier\",\"isPartOf\":{\"@id\":\"https:\\\/\\\/www.hotel-aragon.fr\\\/#website\"},\"datePublished\":\"2020-04-17T20:13:41+00:00\",\"dateModified\":\"2020-05-06T02:05:32+00:00\",\"description\":\"Take advantage of the best rates at the Hotel d'Aragon Montpellier Com\u00e9die by booking directly on our website - Book here!\",\"breadcrumb\":{\"@id\":\"https:\\\/\\\/www.hotel-aragon.fr\\\/en\\\/book-hotel-aragon\\\/#breadcrumb\"},\"inLanguage\":\"en-US\",\"potentialAction\":[{\"@type\":\"ReadAction\",\"target\":[\"https:\\\/\\\/www.hotel-aragon.fr\\\/en\\\/book-hotel-aragon\\\/\"]}]},{\"@type\":\"BreadcrumbList\",\"@id\":\"https:\\\/\\\/www.hotel-aragon.fr\\\/en\\\/book-hotel-aragon\\\/#breadcrumb\",\"itemListElement\":[{\"@type\":\"ListItem\",\"position\":1,\"name\":\"Accueil\",\"item\":\"https:\\\/\\\/www.hotel-aragon.fr\\\/en\\\/\"},{\"@type\":\"ListItem\",\"position\":2,\"name\":\"Booking\"}]},{\"@type\":\"WebSite\",\"@id\":\"https:\\\/\\\/www.hotel-aragon.fr\\\/#website\",\"url\":\"https:\\\/\\\/www.hotel-aragon.fr\\\/\",\"name\":\"H\u00f4tel d&#039;Aragon\",\"description\":\"h\u00f4tel au centre-ville de Montpellier\",\"publisher\":{\"@id\":\"https:\\\/\\\/www.hotel-aragon.fr\\\/#organization\"},\"potentialAction\":[{\"@type\":\"SearchAction\",\"target\":{\"@type\":\"EntryPoint\",\"urlTemplate\":\"https:\\\/\\\/www.hotel-aragon.fr\\\/?s={search_term_string}\"},\"query-input\":{\"@type\":\"PropertyValueSpecification\",\"valueRequired\":true,\"valueName\":\"search_term_string\"}}],\"inLanguage\":\"en-US\"},{\"@type\":\"Organization\",\"@id\":\"https:\\\/\\\/www.hotel-aragon.fr\\\/#organization\",\"name\":\"H\u00f4tel d'Aragon\",\"url\":\"https:\\\/\\\/www.hotel-aragon.fr\\\/\",\"logo\":{\"@type\":\"ImageObject\",\"inLanguage\":\"en-US\",\"@id\":\"https:\\\/\\\/www.hotel-aragon.fr\\\/#\\\/schema\\\/logo\\\/image\\\/\",\"url\":\"https:\\\/\\\/www.hotel-aragon.fr\\\/wp-content\\\/uploads\\\/2020\\\/02\\\/cropped-logo-aragon-600-160-1.png\",\"contentUrl\":\"https:\\\/\\\/www.hotel-aragon.fr\\\/wp-content\\\/uploads\\\/2020\\\/02\\\/cropped-logo-aragon-600-160-1.png\",\"width\":312,\"height\":160,\"caption\":\"H\u00f4tel d'Aragon\"},\"image\":{\"@id\":\"https:\\\/\\\/www.hotel-aragon.fr\\\/#\\\/schema\\\/logo\\\/image\\\/\"}}]}<\/script>\n<!-- \/ Yoast SEO plugin. -->","yoast_head_json":{"title":"Booking - H\u00f4tel d&#039;Aragon Com\u00e9die Montpellier","description":"Take advantage of the best rates at the Hotel d'Aragon Montpellier Com\u00e9die by booking directly on our website - Book here!","robots":{"index":"index","follow":"follow","max-snippet":"max-snippet:-1","max-image-preview":"max-image-preview:large","max-video-preview":"max-video-preview:-1"},"canonical":"https:\/\/www.hotel-aragon.fr\/en\/book-hotel-aragon\/","og_locale":"en_US","og_type":"article","og_title":"Booking - H\u00f4tel d&#039;Aragon Com\u00e9die Montpellier","og_description":"Take advantage of the best rates at the Hotel d'Aragon Montpellier Com\u00e9die by booking directly on our website - Book here!","og_url":"https:\/\/www.hotel-aragon.fr\/en\/book-hotel-aragon\/","og_site_name":"H\u00f4tel d&#039;Aragon","article_modified_time":"2020-05-06T02:05:32+00:00","twitter_card":"summary_large_image","schema":{"@context":"https:\/\/schema.org","@graph":[{"@type":"WebPage","@id":"https:\/\/www.hotel-aragon.fr\/en\/book-hotel-aragon\/","url":"https:\/\/www.hotel-aragon.fr\/en\/book-hotel-aragon\/","name":"Booking - H\u00f4tel d&#039;Aragon Com\u00e9die Montpellier","isPartOf":{"@id":"https:\/\/www.hotel-aragon.fr\/#website"},"datePublished":"2020-04-17T20:13:41+00:00","dateModified":"2020-05-06T02:05:32+00:00","description":"Take advantage of the best rates at the Hotel d'Aragon Montpellier Com\u00e9die by booking directly on our website - Book here!","breadcrumb":{"@id":"https:\/\/www.hotel-aragon.fr\/en\/book-hotel-aragon\/#breadcrumb"},"inLanguage":"en-US","potentialAction":[{"@type":"ReadAction","target":["https:\/\/www.hotel-aragon.fr\/en\/book-hotel-aragon\/"]}]},{"@type":"BreadcrumbList","@id":"https:\/\/www.hotel-aragon.fr\/en\/book-hotel-aragon\/#breadcrumb","itemListElement":[{"@type":"ListItem","position":1,"name":"Accueil","item":"https:\/\/www.hotel-aragon.fr\/en\/"},{"@type":"ListItem","position":2,"name":"Booking"}]},{"@type":"WebSite","@id":"https:\/\/www.hotel-aragon.fr\/#website","url":"https:\/\/www.hotel-aragon.fr\/","name":"H\u00f4tel d&#039;Aragon","description":"h\u00f4tel au centre-ville de Montpellier","publisher":{"@id":"https:\/\/www.hotel-aragon.fr\/#organization"},"potentialAction":[{"@type":"SearchAction","target":{"@type":"EntryPoint","urlTemplate":"https:\/\/www.hotel-aragon.fr\/?s={search_term_string}"},"query-input":{"@type":"PropertyValueSpecification","valueRequired":true,"valueName":"search_term_string"}}],"inLanguage":"en-US"},{"@type":"Organization","@id":"https:\/\/www.hotel-aragon.fr\/#organization","name":"H\u00f4tel d'Aragon","url":"https:\/\/www.hotel-aragon.fr\/","logo":{"@type":"ImageObject","inLanguage":"en-US","@id":"https:\/\/www.hotel-aragon.fr\/#\/schema\/logo\/image\/","url":"https:\/\/www.hotel-aragon.fr\/wp-content\/uploads\/2020\/02\/cropped-logo-aragon-600-160-1.png","contentUrl":"https:\/\/www.hotel-aragon.fr\/wp-content\/uploads\/2020\/02\/cropped-logo-aragon-600-160-1.png","width":312,"height":160,"caption":"H\u00f4tel d'Aragon"},"image":{"@id":"https:\/\/www.hotel-aragon.fr\/#\/schema\/logo\/image\/"}}]}},"_links":{"self":[{"href":"https:\/\/www.hotel-aragon.fr\/en\/wp-json\/wp\/v2\/pages\/1635","targetHints":{"allow":["GET"]}}],"collection":[{"href":"https:\/\/www.hotel-aragon.fr\/en\/wp-json\/wp\/v2\/pages"}],"about":[{"href":"https:\/\/www.hotel-aragon.fr\/en\/wp-json\/wp\/v2\/types\/page"}],"author":[{"embeddable":true,"href":"https:\/\/www.hotel-aragon.fr\/en\/wp-json\/wp\/v2\/users\/1"}],"replies":[{"embeddable":true,"href":"https:\/\/www.hotel-aragon.fr\/en\/wp-json\/wp\/v2\/comments?post=1635"}],"version-history":[{"count":2,"href":"https:\/\/www.hotel-aragon.fr\/en\/wp-json\/wp\/v2\/pages\/1635\/revisions"}],"predecessor-version":[{"id":1651,"href":"https:\/\/www.hotel-aragon.fr\/en\/wp-json\/wp\/v2\/pages\/1635\/revisions\/1651"}],"wp:attachment":[{"href":"https:\/\/www.hotel-aragon.fr\/en\/wp-json\/wp\/v2\/media?parent=1635"}],"curies":[{"name":"wp","href":"https:\/\/api.w.org\/{rel}","templated":true}]}}